{"id":259,"date":"2025-02-12T23:56:29","date_gmt":"2025-02-12T23:56:29","guid":{"rendered":"https:\/\/nvosnk.com\/?page_id=259"},"modified":"2025-02-12T23:56:29","modified_gmt":"2025-02-12T23:56:29","slug":"podrzite-nvo-sinergija-novih-krila","status":"publish","type":"page","link":"https:\/\/nvosnk.com\/index.php\/podrzite-nvo-sinergija-novih-krila\/","title":{"rendered":"Podr\u017eite NVO &#8220;Sinergija novih krila&#8221;"},"content":{"rendered":"\n<p>NVO <em>Sinergija novih krila<\/em> posve\u0107ena je pobolj\u0161anju kvaliteta \u017eivota osoba sa epilepsijom i drugih marginalizovanih grupa u Crnoj Gori. Kroz edukaciju, podr\u0161ku i zagovaranje, borimo se protiv stigmatizacije i pru\u017eamo konkretne resurse onima kojima su najpotrebniji.<\/p>\n\n\n\n<hr class=\"wp-block-separator has-alpha-channel-opacity\"\/>\n\n\n\n<div class=\"wp-block-columns is-layout-flex wp-container-core-columns-is-layout-1 wp-block-columns-is-layout-flex\">\n<div class=\"wp-block-column is-layout-flow wp-block-column-is-layout-flow\" style=\"padding-right:var(--wp--preset--spacing--10);padding-left:var(--wp--preset--spacing--10)\">\n<p class=\"has-text-align-center\">Va\u0161a donacija preko <strong>Patreona<\/strong> ili <strong>GoFundMe-a<\/strong> mo\u017ee napraviti ogromnu razliku \u2013 omogu\u0107ava nam organizaciju radionica, pru\u017eanje psiholo\u0161ke podr\u0161ke, podizanje svesti i borbu za bolje uslove le\u010denja. Svaka pomo\u0107, bez obzira na iznos, doprinosi stvaranju inkluzivnijeg dru\u0161tva i boljoj budu\u0107nosti za one koji svakodnevno vode te\u0161ku borbu.<\/p>\n<\/div>\n<\/div>\n\n\n\n<div style=\"height:83px\" aria-hidden=\"true\" class=\"wp-block-spacer\"><\/div>\n\n\n\n<div class=\"wp-block-group alignfull has-background has-global-padding is-layout-constrained wp-container-core-group-is-layout-2 wp-block-group-is-layout-constrained\" style=\"background-color:#7d02d0;margin-top:0;margin-bottom:0;padding-top:var(--wp--preset--spacing--50);padding-right:var(--wp--preset--spacing--50);padding-bottom:var(--wp--preset--spacing--50);padding-left:var(--wp--preset--spacing--50)\">\n<div class=\"wp-block-group is-vertical is-content-justification-center is-layout-flex wp-container-core-group-is-layout-1 wp-block-group-is-layout-flex\">\n<div style=\"height:0px\" aria-hidden=\"true\" class=\"wp-block-spacer wp-container-content-1\"><\/div>\n\n\n\n<h2 class=\"wp-block-heading has-text-align-center has-base-2-color has-text-color has-link-color wp-elements-a81be4b1ae59baeff8afe01e00788308\">Pridru\u017eite nam se u ovoj misiji \u2013 <strong>donirajte danas i budite deo promjene!<\/strong><\/h2>\n<\/div>\n\n\n\n<div style=\"margin-top:0;margin-bottom:0;height:var(--wp--preset--spacing--40)\" aria-hidden=\"true\" class=\"wp-block-spacer\"><\/div>\n\n\n\n<div class=\"wp-block-columns is-layout-flex wp-container-core-columns-is-layout-2 wp-block-columns-is-layout-flex\">\n<div class=\"wp-block-column is-layout-flow wp-block-column-is-layout-flow\">\n<figure class=\"wp-block-image aligncenter size-full is-resized\"><img loading=\"lazy\" decoding=\"async\" width=\"512\" height=\"512\" src=\"https:\/\/nvosnk.com\/wp-content\/uploads\/2025\/02\/patreon.png\" alt=\"\" class=\"wp-image-268\" style=\"width:103px;height:auto\"\/><\/figure>\n\n\n\n<div class=\"wp-block-buttons is-content-justification-center is-layout-flex wp-container-core-buttons-is-layout-1 wp-block-buttons-is-layout-flex\">\n<div class=\"wp-block-button\"><a class=\"wp-block-button__link wp-element-button\" href=\"https:\/\/www.patreon.com\/NVOSinergijaNovihKrila\" target=\"_blank\" rel=\"noreferrer noopener\">Patreon<\/a><\/div>\n<\/div>\n<\/div>\n\n\n\n<div class=\"wp-block-column is-layout-flow wp-block-column-is-layout-flow\">\n<figure class=\"wp-block-image size-full\"><img loading=\"lazy\" decoding=\"async\" width=\"845\" height=\"236\" src=\"https:\/\/nvosnk.com\/wp-content\/uploads\/2025\/02\/gofundme-logo-png-6-transparent.png\" alt=\"\" class=\"wp-image-269\" style=\"object-fit:cover\"\/><\/figure>\n\n\n\n<div class=\"wp-block-buttons is-content-justification-center is-layout-flex wp-container-core-buttons-is-layout-2 wp-block-buttons-is-layout-flex\">\n<div class=\"wp-block-button\"><a class=\"wp-block-button__link wp-element-button\" href=\"https:\/\/gogetfunding.com\/first-epilepsy-center-in-montenegro\/\" target=\"_blank\" rel=\"noreferrer noopener\">Gofundme<\/a><\/div>\n<\/div>\n<\/div>\n<\/div>\n\n\n\n<div style=\"height:var(--wp--preset--spacing--20)\" aria-hidden=\"true\" class=\"wp-block-spacer\"><\/div>\n<\/div>\n","protected":false},"excerpt":{"rendered":"<p>NVO Sinergija novih krila posve\u0107ena je pobolj\u0161anju kvaliteta \u017eivota osoba sa epilepsijom i drugih marginalizovanih grupa u Crnoj Gori. Kroz edukaciju, podr\u0161ku i zagovaranje, borimo se protiv stigmatizacije i pru\u017eamo konkretne resurse onima kojima su najpotrebniji. Va\u0161a donacija preko Patreona ili GoFundMe-a mo\u017ee napraviti ogromnu razliku \u2013 omogu\u0107ava nam organizaciju radionica, pru\u017eanje psiholo\u0161ke podr\u0161ke, podizanje [&hellip;]<\/p>\n","protected":false},"author":1,"featured_media":0,"parent":0,"menu_order":0,"comment_status":"closed","ping_status":"closed","template":"","meta":{"footnotes":""},"class_list":["post-259","page","type-page","status-publish","hentry"],"_links":{"self":[{"href":"https:\/\/nvosnk.com\/index.php\/wp-json\/wp\/v2\/pages\/259","targetHints":{"allow":["GET"]}}],"collection":[{"href":"https:\/\/nvosnk.com\/index.php\/wp-json\/wp\/v2\/pages"}],"about":[{"href":"https:\/\/nvosnk.com\/index.php\/wp-json\/wp\/v2\/types\/page"}],"author":[{"embeddable":true,"href":"https:\/\/nvosnk.com\/index.php\/wp-json\/wp\/v2\/users\/1"}],"replies":[{"embeddable":true,"href":"https:\/\/nvosnk.com\/index.php\/wp-json\/wp\/v2\/comments?post=259"}],"version-history":[{"count":10,"href":"https:\/\/nvosnk.com\/index.php\/wp-json\/wp\/v2\/pages\/259\/revisions"}],"predecessor-version":[{"id":272,"href":"https:\/\/nvosnk.com\/index.php\/wp-json\/wp\/v2\/pages\/259\/revisions\/272"}],"wp:attachment":[{"href":"https:\/\/nvosnk.com\/index.php\/wp-json\/wp\/v2\/media?parent=259"}],"curies":[{"name":"wp","href":"https:\/\/api.w.org\/{rel}","templated":true}]}}