{"id":216,"date":"2025-02-12T23:22:11","date_gmt":"2025-02-12T23:22:11","guid":{"rendered":"https:\/\/nvosnk.com\/?page_id=216"},"modified":"2025-03-22T11:19:34","modified_gmt":"2025-03-22T11:19:34","slug":"fodunder_info_page","status":"publish","type":"page","link":"https:\/\/nvosnk.com\/index.php\/fodunder_info_page\/","title":{"rendered":"Milan Bajalica-Osniva\u010d"},"content":{"rendered":"\n<div id=\"slideshow\">\n  <img decoding=\"async\" src=\"https:\/\/nvosnk.com\/wp-content\/uploads\/2025\/02\/milan3.jpg\" alt=\"First image\" class=\"active\" \/>\n  <img decoding=\"async\" src=\"https:\/\/nvosnk.com\/wp-content\/uploads\/2025\/02\/milan4.jpg\" alt=\"Second image\" \/>\n  <img decoding=\"async\" src=\"https:\/\/nvosnk.com\/wp-content\/uploads\/2025\/02\/milan1-1.jpg\" alt=\"Third image\" \/>\n  <img decoding=\"async\" src=\"https:\/\/nvosnk.com\/wp-content\/uploads\/2025\/01\/bajalica-1.jpg\" alt=\"Forth image\" \/>\n  <img decoding=\"async\" src=\"https:\/\/nvosnk.com\/wp-content\/uploads\/2025\/02\/bajalica_gost.jpg\" alt=\"Fifth image\" \/>\n\n<\/div>\n<script>\ndocument.addEventListener(\"DOMContentLoaded\", function() {\n  const images = document.querySelectorAll(\"#slideshow img\");\n  let currentIndex = 0;\n\n  \/\/ Postavi prvu sliku kao aktivnu\n  images[currentIndex].classList.add(\"active\");\n\n  \/\/ Menjaj slike na svakih 2 sekunde\n  setInterval(() => {\n    images[currentIndex].classList.remove(\"active\");\n    currentIndex = (currentIndex + 1) % images.length; \/\/ Slede\u0107a slika\n    images[currentIndex].classList.add(\"active\");\n  }, 2000); \/\/ Promena svake 2 sekunde\n});\n<\/script>\n\n\n\n<div class=\"wp-block-group has-global-padding is-content-justification-center is-layout-constrained wp-container-core-group-is-layout-1 wp-block-group-is-layout-constrained\">\n<div style=\"height:1.25rem\" aria-hidden=\"true\" class=\"wp-block-spacer\"><\/div>\n\n\n\n<p class=\"has-text-align-center\">Milan Bajalica je osniva\u010d nevladine organizacije &#8220;Sinergija novih krila&#8221; i ambasador epilepsije u Crnoj Gori. Ro\u0111en 1989. godine, sa dijagnozom epilepsije \u017eivi od svoje \u0161este godine, \u0161to mu je omogu\u0107ilo da iz prve ruke razume izazove sa kojima se suo\u010davaju osobe obolele od ove bolesti. Kroz svoj rad, Bajalica se posvetio borbi protiv stigmatizacije i diskriminacije obolelih od epilepsije, isti\u010du\u0107i da su oni \u010desto suo\u010deni sa odbacivanjem i nerazumevanjem dru\u0161tva.<\/p>\n\n\n\n<div style=\"height:1.25rem\" aria-hidden=\"true\" class=\"wp-block-spacer\"><\/div>\n\n\n\n<div class=\"wp-block-buttons is-content-justification-center is-layout-flex wp-container-core-buttons-is-layout-1 wp-block-buttons-is-layout-flex\"><\/div>\n<\/div>\n\n\n\n<div class=\"wp-block-group alignfull has-background has-global-padding is-layout-constrained wp-container-core-group-is-layout-2 wp-block-group-is-layout-constrained\" style=\"background-color:#7d02d0;margin-top:0;margin-bottom:0;padding-top:var(--wp--preset--spacing--50);padding-right:var(--wp--preset--spacing--50);padding-bottom:var(--wp--preset--spacing--50);padding-left:var(--wp--preset--spacing--50)\">\n<div style=\"height:var(--wp--preset--spacing--20)\" aria-hidden=\"true\" class=\"wp-block-spacer\"><\/div>\n\n\n\n<figure class=\"wp-block-gallery alignwide has-nested-images columns-default is-cropped wp-block-gallery-1 is-layout-flex wp-block-gallery-is-layout-flex\">\n<figure class=\"wp-block-image size-large\"><img loading=\"lazy\" decoding=\"async\" width=\"1024\" height=\"683\" src=\"https:\/\/nvosnk.com\/wp-content\/uploads\/2025\/03\/0G3A9821_compressed-1-1024x683.jpg\" alt=\"\" class=\"wp-image-531\" srcset=\"https:\/\/nvosnk.com\/wp-content\/uploads\/2025\/03\/0G3A9821_compressed-1-1024x683.jpg 1024w, https:\/\/nvosnk.com\/wp-content\/uploads\/2025\/03\/0G3A9821_compressed-1-300x200.jpg 300w, https:\/\/nvosnk.com\/wp-content\/uploads\/2025\/03\/0G3A9821_compressed-1-768x512.jpg 768w, https:\/\/nvosnk.com\/wp-content\/uploads\/2025\/03\/0G3A9821_compressed-1-1536x1024.jpg 1536w, https:\/\/nvosnk.com\/wp-content\/uploads\/2025\/03\/0G3A9821_compressed-1.jpg 1920w\" sizes=\"auto, (max-width: 1024px) 100vw, 1024px\" \/><\/figure>\n\n\n\n<figure class=\"wp-block-image size-large\"><img loading=\"lazy\" decoding=\"async\" width=\"1024\" height=\"683\" src=\"https:\/\/nvosnk.com\/wp-content\/uploads\/2025\/03\/4-1024x683.jpg\" alt=\"\" class=\"wp-image-466\" srcset=\"https:\/\/nvosnk.com\/wp-content\/uploads\/2025\/03\/4-1024x683.jpg 1024w, https:\/\/nvosnk.com\/wp-content\/uploads\/2025\/03\/4-300x200.jpg 300w, https:\/\/nvosnk.com\/wp-content\/uploads\/2025\/03\/4-768x512.jpg 768w, https:\/\/nvosnk.com\/wp-content\/uploads\/2025\/03\/4-1536x1024.jpg 1536w, https:\/\/nvosnk.com\/wp-content\/uploads\/2025\/03\/4.jpg 1920w\" sizes=\"auto, (max-width: 1024px) 100vw, 1024px\" \/><\/figure>\n\n\n\n<figure class=\"wp-block-image size-large\"><img loading=\"lazy\" decoding=\"async\" width=\"1024\" height=\"683\" src=\"https:\/\/nvosnk.com\/wp-content\/uploads\/2025\/03\/1-1024x683.jpg\" alt=\"\" class=\"wp-image-463\" srcset=\"https:\/\/nvosnk.com\/wp-content\/uploads\/2025\/03\/1-1024x683.jpg 1024w, https:\/\/nvosnk.com\/wp-content\/uploads\/2025\/03\/1-300x200.jpg 300w, https:\/\/nvosnk.com\/wp-content\/uploads\/2025\/03\/1-768x512.jpg 768w, https:\/\/nvosnk.com\/wp-content\/uploads\/2025\/03\/1-1536x1024.jpg 1536w, https:\/\/nvosnk.com\/wp-content\/uploads\/2025\/03\/1.jpg 1920w\" sizes=\"auto, (max-width: 1024px) 100vw, 1024px\" \/><\/figure>\n\n\n\n<figure class=\"wp-block-image size-large\" style=\"margin-right:0;margin-left:0\"><img loading=\"lazy\" decoding=\"async\" width=\"1024\" height=\"683\" src=\"https:\/\/nvosnk.com\/wp-content\/uploads\/2025\/03\/0G3A9840_compressed-1024x683.jpg\" alt=\"\" class=\"wp-image-540\" srcset=\"https:\/\/nvosnk.com\/wp-content\/uploads\/2025\/03\/0G3A9840_compressed-1024x683.jpg 1024w, https:\/\/nvosnk.com\/wp-content\/uploads\/2025\/03\/0G3A9840_compressed-300x200.jpg 300w, https:\/\/nvosnk.com\/wp-content\/uploads\/2025\/03\/0G3A9840_compressed-768x512.jpg 768w, https:\/\/nvosnk.com\/wp-content\/uploads\/2025\/03\/0G3A9840_compressed-1536x1024.jpg 1536w, https:\/\/nvosnk.com\/wp-content\/uploads\/2025\/03\/0G3A9840_compressed.jpg 1920w\" sizes=\"auto, (max-width: 1024px) 100vw, 1024px\" \/><\/figure>\n\n\n\n<figure class=\"wp-block-image size-large\"><img loading=\"lazy\" decoding=\"async\" width=\"1024\" height=\"683\" src=\"https:\/\/nvosnk.com\/wp-content\/uploads\/2025\/03\/5-1024x683.jpg\" alt=\"\" class=\"wp-image-467\" srcset=\"https:\/\/nvosnk.com\/wp-content\/uploads\/2025\/03\/5-1024x683.jpg 1024w, https:\/\/nvosnk.com\/wp-content\/uploads\/2025\/03\/5-300x200.jpg 300w, https:\/\/nvosnk.com\/wp-content\/uploads\/2025\/03\/5-768x512.jpg 768w, https:\/\/nvosnk.com\/wp-content\/uploads\/2025\/03\/5-1536x1024.jpg 1536w, https:\/\/nvosnk.com\/wp-content\/uploads\/2025\/03\/5.jpg 1920w\" sizes=\"auto, (max-width: 1024px) 100vw, 1024px\" \/><\/figure>\n\n\n\n<figure class=\"wp-block-image size-large\"><img loading=\"lazy\" decoding=\"async\" width=\"1080\" height=\"810\" src=\"https:\/\/nvosnk.com\/wp-content\/uploads\/2025\/01\/backdrop.jpg\" alt=\"\" class=\"wp-image-211\"\/><\/figure>\n<\/figure>\n\n\n\n<div class=\"wp-block-columns alignwide is-layout-flex wp-container-core-columns-is-layout-1 wp-block-columns-is-layout-flex\">\n<div class=\"wp-block-column is-layout-flow wp-container-core-column-is-layout-1 wp-block-column-is-layout-flow\" style=\"padding-right:var(--wp--preset--spacing--60);padding-left:var(--wp--preset--spacing--60)\">\n<p><\/p>\n\n\n\n<p class=\"has-text-align-center has-base-2-color has-text-color has-link-color wp-elements-ba7e2cbbf1ff769ae834186a5b574b01\" style=\"margin-top:0;margin-right:var(--wp--preset--spacing--60);margin-bottom:0;margin-left:var(--wp--preset--spacing--60)\"><strong>Pod njegovim vo\u0111stvom, &#8220;Sinergija novih krila&#8221; je organizovala brojne aktivnosti, uklju\u010duju\u0107i humanitarnu akciju &#8220;Svi po malo&#8221; na nik\u0161i\u0107kom Trgu slobode, sa ciljem prikupljanja sredstava za izgradnju prvog Centra za epilepsiju u Crnoj Gori. Tako\u0111e, Bajalica je u\u010destvovao u potpisivanju memoranduma o saradnji sa Centrom za oboljele od epilepsije Republike Srbije, nagla\u0161avaju\u0107i va\u017enost regionalne saradnje u re\u0161avanju problema sa kojima se suo\u010davaju oboljeli. Njegova posve\u0107enost i zalaganje \u010dine ga klju\u010dnom figurom u unapre\u0111enju polo\u017eaja osoba sa epilepsijom u Crnoj Gori.<\/strong><\/p>\n<\/div>\n<\/div>\n<\/div>\n\n\n\n<div class=\"wp-block-group alignfull has-global-padding is-layout-constrained wp-container-core-group-is-layout-5 wp-block-group-is-layout-constrained\" style=\"margin-top:0;margin-bottom:0;padding-top:var(--wp--preset--spacing--50);padding-right:var(--wp--preset--spacing--50);padding-bottom:var(--wp--preset--spacing--50);padding-left:var(--wp--preset--spacing--50)\">\n<div class=\"wp-block-group alignwide has-global-padding is-layout-constrained wp-container-core-group-is-layout-4 wp-block-group-is-layout-constrained\">\n<div class=\"wp-block-group is-vertical is-content-justification-center is-layout-flex wp-container-core-group-is-layout-3 wp-block-group-is-layout-flex\">\n<h2 class=\"wp-block-heading has-text-align-center is-style-asterisk\">Intervjui i gostovanja<\/h2>\n\n\n\n<p class=\"has-text-align-center\">Milan Bajalica je dao brojne intervjue i gostovao na raznim televizijama i medijskim ku\u0107ama. Ovdje mo\u017eete pogledati neka od njegovih najzapa\u017eenijih gostovanja.<\/p>\n<\/div>\n\n\n\n<div style=\"height:var(--wp--preset--spacing--40)\" aria-hidden=\"true\" class=\"wp-block-spacer\"><\/div>\n\n\n\n<div class=\"wp-block-columns alignwide is-layout-flex wp-container-core-columns-is-layout-2 wp-block-columns-is-layout-flex\">\n<div class=\"wp-block-column is-layout-flow wp-block-column-is-layout-flow\">\n<figure class=\"wp-block-embed aligncenter is-type-video is-provider-youtube wp-block-embed-youtube wp-embed-aspect-16-9 wp-has-aspect-ratio\"><div class=\"wp-block-embed__wrapper\">\n<iframe loading=\"lazy\" title=\"NIK\u0160I\u0106KO POPODNE: Milan Bajalica - NVO Sinergija novih krila 29.01.2025.\" width=\"500\" height=\"281\" src=\"https:\/\/www.youtube.com\/embed\/kUwuMMBiZMM?feature=oembed\" frameborder=\"0\" allow=\"accelerometer; autoplay; clipboard-write; encrypted-media; gyroscope; picture-in-picture; web-share\" referrerpolicy=\"strict-origin-when-cross-origin\" allowfullscreen><\/iframe>\n<\/div><\/figure>\n\n\n\n<p class=\"has-text-align-center has-medium-font-size\">Gostovanje na emisiji &#8220;Nik\u0161i\u0107ko Podne&#8221; na televiziji Niksic<\/p>\n\n\n\n<div class=\"wp-block-buttons is-content-justification-center is-layout-flex wp-container-core-buttons-is-layout-2 wp-block-buttons-is-layout-flex\"><\/div>\n<\/div>\n\n\n\n<div class=\"wp-block-column is-vertically-aligned-top is-layout-flow wp-block-column-is-layout-flow\">\n<figure class=\"wp-block-embed aligncenter is-type-video is-provider-youtube wp-block-embed-youtube wp-embed-aspect-16-9 wp-has-aspect-ratio\"><div class=\"wp-block-embed__wrapper\">\n<iframe loading=\"lazy\" title=\"VIKEND 25. MART 2023. - Milan Bjelica, NVO &quot;Sinergija novih krila&quot;\" width=\"500\" height=\"281\" src=\"https:\/\/www.youtube.com\/embed\/s2HPakBnuho?feature=oembed\" frameborder=\"0\" allow=\"accelerometer; autoplay; clipboard-write; encrypted-media; gyroscope; picture-in-picture; web-share\" referrerpolicy=\"strict-origin-when-cross-origin\" allowfullscreen><\/iframe>\n<\/div><\/figure>\n\n\n\n<p class=\"has-text-align-center\">Gostovanje na emisiji &#8220;Vikend&#8221; na televiziji Nik\u0161i\u0107<\/p>\n<\/div>\n\n\n\n<div class=\"wp-block-column is-layout-flow wp-block-column-is-layout-flow\">\n<figure class=\"wp-block-embed aligncenter is-type-video is-provider-youtube wp-block-embed-youtube wp-embed-aspect-16-9 wp-has-aspect-ratio\"><div class=\"wp-block-embed__wrapper\">\n<iframe loading=\"lazy\" title=\"Milan Bajalica, NVO Sinergija novih krila\" width=\"500\" height=\"281\" src=\"https:\/\/www.youtube.com\/embed\/w4p3Yw9CAs8?start=156&#038;feature=oembed\" frameborder=\"0\" allow=\"accelerometer; autoplay; clipboard-write; encrypted-media; gyroscope; picture-in-picture; web-share\" referrerpolicy=\"strict-origin-when-cross-origin\" allowfullscreen><\/iframe>\n<\/div><\/figure>\n\n\n\n<p class=\"has-text-align-center has-medium-font-size\">Gostovanje na TV7, kod voditeljke Tine Perovi\u0107<\/p>\n\n\n\n<div style=\"height:0px\" aria-hidden=\"true\" class=\"wp-block-spacer\"><\/div>\n<\/div>\n<\/div>\n\n\n\n<div style=\"height:53px\" aria-hidden=\"true\" class=\"wp-block-spacer\"><\/div>\n\n\n\n<div class=\"wp-block-columns alignwide is-layout-flex wp-container-core-columns-is-layout-3 wp-block-columns-is-layout-flex\">\n<div class=\"wp-block-column is-layout-flow wp-block-column-is-layout-flow\">\n<figure class=\"wp-block-embed is-type-video is-provider-youtube wp-block-embed-youtube wp-embed-aspect-16-9 wp-has-aspect-ratio\"><div class=\"wp-block-embed__wrapper\">\n<iframe loading=\"lazy\" title=\"Emisija: Budilnik - \u201cLjubi\u010dasti dan\u201d\" width=\"500\" height=\"281\" src=\"https:\/\/www.youtube.com\/embed\/db2m44Leed4?feature=oembed\" frameborder=\"0\" allow=\"accelerometer; autoplay; clipboard-write; encrypted-media; gyroscope; picture-in-picture; web-share\" referrerpolicy=\"strict-origin-when-cross-origin\" allowfullscreen><\/iframe>\n<\/div><\/figure>\n\n\n\n<p class=\"has-text-align-center\">Gostovanje na emisiji &#8220;Budilnik&#8221;-&#8220;Ljubi\u010dasti dan&#8221;<\/p>\n<\/div>\n\n\n\n<div class=\"wp-block-column is-layout-flow wp-block-column-is-layout-flow\">\n<figure class=\"wp-block-embed is-type-video is-provider-youtube wp-block-embed-youtube wp-embed-aspect-16-9 wp-has-aspect-ratio\"><div class=\"wp-block-embed__wrapper\">\n<iframe loading=\"lazy\" title=\"Skener - Milan Bajalica\" width=\"500\" height=\"281\" src=\"https:\/\/www.youtube.com\/embed\/YppbTDs_svE?feature=oembed\" frameborder=\"0\" allow=\"accelerometer; autoplay; clipboard-write; encrypted-media; gyroscope; picture-in-picture; web-share\" referrerpolicy=\"strict-origin-when-cross-origin\" allowfullscreen><\/iframe>\n<\/div><\/figure>\n\n\n\n<p class=\"has-text-align-center\">Gostovanje na emisiji &#8220;Skener&#8221;, TV7<\/p>\n<\/div>\n<\/div>\n<\/div>\n<\/div>\n\n\n\n<p><\/p>\n","protected":false},"excerpt":{"rendered":"<p>Milan Bajalica je osniva\u010d nevladine organizacije &#8220;Sinergija novih krila&#8221; i ambasador epilepsije u Crnoj Gori. Ro\u0111en 1989. godine, sa dijagnozom epilepsije \u017eivi od svoje \u0161este godine, \u0161to mu je omogu\u0107ilo da iz prve ruke razume izazove sa kojima se suo\u010davaju osobe obolele od ove bolesti. Kroz svoj rad, Bajalica se posvetio borbi protiv stigmatizacije i [&hellip;]<\/p>\n","protected":false},"author":1,"featured_media":226,"parent":0,"menu_order":0,"comment_status":"closed","ping_status":"closed","template":"","meta":{"footnotes":""},"class_list":["post-216","page","type-page","status-publish","has-post-thumbnail","hentry"],"_links":{"self":[{"href":"https:\/\/nvosnk.com\/index.php\/wp-json\/wp\/v2\/pages\/216","targetHints":{"allow":["GET"]}}],"collection":[{"href":"https:\/\/nvosnk.com\/index.php\/wp-json\/wp\/v2\/pages"}],"about":[{"href":"https:\/\/nvosnk.com\/index.php\/wp-json\/wp\/v2\/types\/page"}],"author":[{"embeddable":true,"href":"https:\/\/nvosnk.com\/index.php\/wp-json\/wp\/v2\/users\/1"}],"replies":[{"embeddable":true,"href":"https:\/\/nvosnk.com\/index.php\/wp-json\/wp\/v2\/comments?post=216"}],"version-history":[{"count":24,"href":"https:\/\/nvosnk.com\/index.php\/wp-json\/wp\/v2\/pages\/216\/revisions"}],"predecessor-version":[{"id":563,"href":"https:\/\/nvosnk.com\/index.php\/wp-json\/wp\/v2\/pages\/216\/revisions\/563"}],"wp:featuredmedia":[{"embeddable":true,"href":"https:\/\/nvosnk.com\/index.php\/wp-json\/wp\/v2\/media\/226"}],"wp:attachment":[{"href":"https:\/\/nvosnk.com\/index.php\/wp-json\/wp\/v2\/media?parent=216"}],"curies":[{"name":"wp","href":"https:\/\/api.w.org\/{rel}","templated":true}]}}