{"id":188,"date":"2025-01-20T22:43:23","date_gmt":"2025-01-20T22:43:23","guid":{"rendered":"https:\/\/nvosnk.com\/?page_id=188"},"modified":"2025-03-22T11:23:14","modified_gmt":"2025-03-22T11:23:14","slug":"blog","status":"publish","type":"page","link":"https:\/\/nvosnk.com\/","title":{"rendered":"SINERGIJA NOVIH KRILA"},"content":{"rendered":"\n<div class=\"wp-block-group alignfull has-background has-global-padding is-layout-constrained wp-container-core-group-is-layout-2 wp-block-group-is-layout-constrained\" style=\"background-color:#7d02d0;padding-top:var(--wp--preset--spacing--50);padding-right:var(--wp--preset--spacing--50);padding-bottom:var(--wp--preset--spacing--50);padding-left:var(--wp--preset--spacing--50)\">\n<div class=\"wp-block-group has-global-padding is-layout-constrained wp-container-core-group-is-layout-1 wp-block-group-is-layout-constrained\">\n<div style=\"height:1.25rem\" aria-hidden=\"true\" class=\"wp-block-spacer\"><\/div>\n\n\n\n<div style=\"height:20px\" aria-hidden=\"true\" class=\"wp-block-spacer\"><\/div>\n\n\n\n<div id=\"slideshow\">\n    <img decoding=\"async\" src=\"https:\/\/nvosnk.com\/wp-content\/uploads\/2025\/03\/1.jpg\" alt=\"First image\" class=\"active\" \/>\n    <img decoding=\"async\" src=\"https:\/\/nvosnk.com\/wp-content\/uploads\/2025\/03\/2.jpg\" alt=\"Second image\" \/>\n    <img decoding=\"async\" src=\"https:\/\/nvosnk.com\/wp-content\/uploads\/2025\/03\/3.jpg\" alt=\"Third image\" \/>\n    <img decoding=\"async\" src=\"https:\/\/nvosnk.com\/wp-content\/uploads\/2025\/03\/5.jpg\" alt=\"Forth image\" \/>\n    <img decoding=\"async\" src=\"https:\/\/nvosnk.com\/wp-content\/uploads\/2025\/03\/10.jpg\" alt=\"Fifth image\" \/>\n    <img decoding=\"async\" src=\"https:\/\/nvosnk.com\/wp-content\/uploads\/2025\/03\/11.jpg\" alt=\"Sixth image\" \/>\n    <img decoding=\"async\" src=\"https:\/\/nvosnk.com\/wp-content\/uploads\/2025\/03\/7.jpg\" alt=\"Seventh image\" \/>\n    <img decoding=\"async\" src=\"https:\/\/nvosnk.com\/wp-content\/uploads\/2025\/03\/6.jpg\" alt=\"Eightth image\" \/>\n  <\/div>\n  <script>\n  document.addEventListener(\"DOMContentLoaded\", function() {\n    const images = document.querySelectorAll(\"#slideshow img\");\n    let currentIndex = 0;\n  \n    \/\/ Postavi prvu sliku kao aktivnu\n    images[currentIndex].classList.add(\"active\");\n  \n    \/\/ Menjaj slike na svakih 2 sekunde\n    setInterval(() => {\n      images[currentIndex].classList.remove(\"active\");\n      currentIndex = (currentIndex + 1) % images.length; \/\/ Slede\u0107a slika\n      images[currentIndex].classList.add(\"active\");\n    }, 2000); \/\/ Promena svake 2 sekunde\n  });\n  <\/script>\n\n\n\n<p class=\"has-text-align-center has-base-2-color has-text-color has-link-color wp-elements-701b5cc899eca7ce7fa278c2d40e5831\"><br><strong>Sinergija novih krila\u201d je nevladina organizacija iz Nik\u0161i\u0107a koja se posve\u0107uje podizanju svijesti o epilepsiji i pru\u017eanju podr\u0161ke oboljelima. Kroz edukaciju, humanitarne akcije i aktivizam, organizacija radi na inkluziji ljudi sa epilepsijom i stvaranju zajednice podr\u0161ke i razumijevanja.<\/strong><\/p>\n<\/div>\n\n\n\n<div style=\"height:38px;width:0px\" aria-hidden=\"true\" class=\"wp-block-spacer\"><\/div>\n<\/div>\n\n\n\n<div class=\"wp-block-group alignfull has-base-2-background-color has-background has-global-padding is-layout-constrained wp-container-core-group-is-layout-4 wp-block-group-is-layout-constrained\" style=\"margin-top:0;margin-bottom:0;padding-top:var(--wp--preset--spacing--50);padding-right:var(--wp--preset--spacing--50);padding-bottom:var(--wp--preset--spacing--50);padding-left:var(--wp--preset--spacing--50)\">\n<h1 class=\"wp-block-heading has-text-align-center\">Na\u0161a misija<\/h1>\n\n\n\n<div style=\"height:0px\" aria-hidden=\"true\" class=\"wp-block-spacer\"><\/div>\n\n\n\n<div class=\"wp-block-group is-vertical is-content-justification-center is-layout-flex wp-container-core-group-is-layout-3 wp-block-group-is-layout-flex\">\n<div style=\"height:0px\" aria-hidden=\"true\" class=\"wp-block-spacer wp-container-content-1\"><\/div>\n\n\n\n<p class=\"has-text-align-center\">Misija &#8220;Sinergije novih krila&#8221; Nik\u0161i\u0107 je pru\u017eanje podr\u0161ke osobama s epilepsijom kroz edukaciju, osna\u017eivanje i borbu protiv stigmatizacije.<\/p>\n<\/div>\n\n\n\n<div style=\"margin-top:0;margin-bottom:0;height:45px\" aria-hidden=\"true\" class=\"wp-block-spacer\"><\/div>\n\n\n\n<div class=\"wp-block-columns alignwide is-layout-flex wp-container-core-columns-is-layout-1 wp-block-columns-is-layout-flex\">\n<div class=\"wp-block-column is-layout-flow wp-container-core-column-is-layout-1 wp-block-column-is-layout-flow\">\n<figure class=\"wp-block-image aligncenter size-large is-resized\"><img loading=\"lazy\" decoding=\"async\" width=\"1024\" height=\"683\" src=\"https:\/\/nvosnk.com\/wp-content\/uploads\/2025\/03\/x3-1024x683.jpg\" alt=\"\" class=\"wp-image-491\" style=\"width:354px;height:auto\" srcset=\"https:\/\/nvosnk.com\/wp-content\/uploads\/2025\/03\/x3-1024x683.jpg 1024w, https:\/\/nvosnk.com\/wp-content\/uploads\/2025\/03\/x3-300x200.jpg 300w, https:\/\/nvosnk.com\/wp-content\/uploads\/2025\/03\/x3-768x512.jpg 768w, https:\/\/nvosnk.com\/wp-content\/uploads\/2025\/03\/x3-1536x1024.jpg 1536w, https:\/\/nvosnk.com\/wp-content\/uploads\/2025\/03\/x3.jpg 1920w\" sizes=\"auto, (max-width: 1024px) 100vw, 1024px\" \/><\/figure>\n\n\n\n<h3 class=\"wp-block-heading has-text-align-center\">Humanitarna akcija \u201cSvi po malo\u201d<\/h3>\n\n\n\n<p class=\"has-text-align-center\"><strong>Humanitarna akcija \u201cSvi po malo\u201d<\/strong>: Odr\u017eana 18. i 19. marta 2023. godine na Trgu slobode u Nik\u0161i\u0107u, s ciljem prikupljanja sredstava za izgradnju prvog Centra za epilepsiju u Crnoj Gori.<\/p>\n\n\n\n<div class=\"wp-block-buttons is-content-justification-center is-layout-flex wp-container-core-buttons-is-layout-1 wp-block-buttons-is-layout-flex\">\n<div class=\"wp-block-button\"><a class=\"wp-block-button__link wp-element-button\" href=\"https:\/\/www.dan.co.me\/crna-gora\/svi-po-malo-u-niksicu-organizovana-dvodnevna-humanitarna-akcija-5167537\" target=\"_blank\" rel=\"noreferrer noopener\">Pro\u010ditaj vi\u0161e<\/a><\/div>\n<\/div>\n<\/div>\n\n\n\n<div class=\"wp-block-column is-layout-flow wp-container-core-column-is-layout-2 wp-block-column-is-layout-flow\">\n<figure class=\"wp-block-image aligncenter size-full is-resized\"><img loading=\"lazy\" decoding=\"async\" width=\"1920\" height=\"1280\" src=\"https:\/\/nvosnk.com\/wp-content\/uploads\/2025\/03\/11.jpg\" alt=\"\" class=\"wp-image-473\" style=\"width:351px;height:auto\" srcset=\"https:\/\/nvosnk.com\/wp-content\/uploads\/2025\/03\/11.jpg 1920w, https:\/\/nvosnk.com\/wp-content\/uploads\/2025\/03\/11-300x200.jpg 300w, https:\/\/nvosnk.com\/wp-content\/uploads\/2025\/03\/11-1024x683.jpg 1024w, https:\/\/nvosnk.com\/wp-content\/uploads\/2025\/03\/11-768x512.jpg 768w, https:\/\/nvosnk.com\/wp-content\/uploads\/2025\/03\/11-1536x1024.jpg 1536w\" sizes=\"auto, (max-width: 1920px) 100vw, 1920px\" \/><\/figure>\n\n\n\n<h3 class=\"wp-block-heading has-text-align-center\">Muzicki i kulturni program<\/h3>\n\n\n\n<p class=\"has-text-align-center\"><strong>Muzi\u010dki program u sklopu akcije \u201cSvi po malo\u201d<\/strong>: Organizovan 21. marta 2023. godine na Trgu slobode, nastavak je prethodne akcije za prikupljanje sredstava.<\/p>\n\n\n\n<div class=\"wp-block-buttons is-content-justification-center is-layout-flex wp-container-core-buttons-is-layout-2 wp-block-buttons-is-layout-flex\">\n<div class=\"wp-block-button\"><a class=\"wp-block-button__link wp-element-button\" href=\"https:\/\/www.vijesti.me\/vijesti\/drustvo\/648645\/svi-za-centar-za-epilepsiju\" target=\"_blank\" rel=\"noreferrer noopener\">Pro\u010ditaj vi\u0161e<\/a><\/div>\n<\/div>\n<\/div>\n<\/div>\n\n\n\n<div style=\"height:30px\" aria-hidden=\"true\" class=\"wp-block-spacer\"><\/div>\n\n\n\n<div class=\"wp-block-columns alignwide is-layout-flex wp-container-core-columns-is-layout-2 wp-block-columns-is-layout-flex\">\n<div class=\"wp-block-column is-layout-flow wp-container-core-column-is-layout-3 wp-block-column-is-layout-flow\">\n<figure class=\"wp-block-image aligncenter size-full\"><img loading=\"lazy\" decoding=\"async\" width=\"225\" height=\"225\" src=\"https:\/\/nvosnk.com\/wp-content\/uploads\/2025\/02\/kafa_caj.jpg\" alt=\"\" class=\"wp-image-292\"\/><\/figure>\n\n\n\n<h3 class=\"wp-block-heading has-text-align-center\">Doniraj i ti uz kafu ili \u010daj za prvi Centar epilepsije u Crnoj Gori!<\/h3>\n\n\n\n<p class=\"has-text-align-center\"><strong>Postavljanje donatorskih kutija<\/strong>: U okviru inicijative \u201cDoniraj i ti uz kafu ili \u010daj za prvi Centar epilepsije u Crnoj Gori\u201d, postavljene su donatorske kutije u brojnim kafi\u0107ima i uslu\u017enim objektima u Nik\u0161i\u0107u.<\/p>\n\n\n\n<div class=\"wp-block-buttons is-content-justification-center is-layout-flex wp-container-core-buttons-is-layout-3 wp-block-buttons-is-layout-flex\">\n<div class=\"wp-block-button\"><a class=\"wp-block-button__link wp-element-button\" href=\"https:\/\/onogost.me\/drustvo\/humanitarna-akcija-svi-po-malo-danas-i-sjutra-na-trgu\/\" target=\"_blank\" rel=\"noreferrer noopener\">Pro\u010ditaj vi\u0161e<\/a><\/div>\n<\/div>\n<\/div>\n\n\n\n<div class=\"wp-block-column is-layout-flow wp-container-core-column-is-layout-4 wp-block-column-is-layout-flow\">\n<figure class=\"wp-block-image aligncenter size-full is-resized\"><img loading=\"lazy\" decoding=\"async\" width=\"1200\" height=\"800\" src=\"https:\/\/nvosnk.com\/wp-content\/uploads\/2025\/02\/vijesti.jpg\" alt=\"\" class=\"wp-image-254\" style=\"width:335px;height:auto\"\/><\/figure>\n\n\n\n<h3 class=\"wp-block-heading has-text-align-center\">Me\u0111unarodni dan epilepsije<\/h3>\n\n\n\n<p class=\"has-text-align-center\"><strong>Osvjetljavanje zgrade Op\u0161tine Nik\u0161i\u0107 u ljubi\u010dastoj boji<\/strong>: Povodom Me\u0111unarodnog dana epilepsije, zgrada Op\u0161tine Nik\u0161i\u0107 bila je osvijetljena ljubi\u010dastom bojom kao znak podr\u0161ke oboljelima.<\/p>\n\n\n\n<div style=\"height:17px\" aria-hidden=\"true\" class=\"wp-block-spacer\"><\/div>\n\n\n\n<div class=\"wp-block-buttons is-content-justification-center is-layout-flex wp-container-core-buttons-is-layout-4 wp-block-buttons-is-layout-flex\">\n<div class=\"wp-block-button\"><a class=\"wp-block-button__link wp-element-button\" href=\"https:\/\/rtnk.me\/drustvo\/zgrada-opstine-niksic-u-ljubicastoj-boji-2\/\" target=\"_blank\" rel=\"noreferrer noopener\">Pro\u010ditaj vi\u0161e<\/a><\/div>\n<\/div>\n<\/div>\n<\/div>\n<\/div>\n\n\n\n<div class=\"wp-block-group alignfull has-global-padding is-layout-constrained wp-container-core-group-is-layout-6 wp-block-group-is-layout-constrained\" style=\"margin-top:0;margin-bottom:0;padding-top:var(--wp--preset--spacing--50);padding-right:var(--wp--preset--spacing--50);padding-bottom:var(--wp--preset--spacing--50);padding-left:var(--wp--preset--spacing--50)\">\n<h2 class=\"wp-block-heading has-text-align-center\">Milan Bajalica<\/h2>\n\n\n\n<h3 class=\"wp-block-heading has-text-align-center\">Osniva\u010d<\/h3>\n\n\n\n<div class=\"wp-block-group alignwide has-global-padding is-layout-constrained wp-container-core-group-is-layout-5 wp-block-group-is-layout-constrained\">\n<div style=\"height:36px\" aria-hidden=\"true\" class=\"wp-block-spacer\"><\/div>\n\n\n\n<div class=\"wp-block-columns alignwide is-layout-flex wp-container-core-columns-is-layout-3 wp-block-columns-is-layout-flex\">\n<div class=\"wp-block-column is-vertically-aligned-center is-layout-flow wp-block-column-is-layout-flow\" style=\"flex-basis:40%\">\n<p class=\"has-text-align-center\">Milan Bajalica, osniva\u010d i lider NVO \u201cSinergija novih krila\u201d, posvetio je svoj \u017eivot borbi za prava i inkluziju osoba s epilepsijom. Njegova motivacija proizilazi iz li\u010dnog iskustva i dubokog razumijevanja izazova s kojima se oboljeli suo\u010davaju u svakodnevnom \u017eivotu.<\/p>\n\n\n\n<div style=\"height:6px\" aria-hidden=\"true\" class=\"wp-block-spacer\"><\/div>\n\n\n\n<p class=\"has-text-align-center\">Pod njegovim vodstvom, organizacija je sprovela mnoge humanitarne akcije, podigla svijest o epilepsiji u Crnoj Gori i pru\u017eila podr\u0161ku zajednici. Milanova vizija je dru\u0161tvo bez predrasuda, u kojem svaki pojedinac ima jednaka prava i mogu\u0107nosti za dostojanstven \u017eivot.<\/p>\n\n\n\n<div class=\"wp-block-buttons is-content-justification-center is-layout-flex wp-container-core-buttons-is-layout-5 wp-block-buttons-is-layout-flex\"><\/div>\n\n\n\n<div style=\"height:0px\" aria-hidden=\"true\" class=\"wp-block-spacer\"><\/div>\n<\/div>\n\n\n\n<div class=\"wp-block-column is-layout-flow wp-block-column-is-layout-flow\" style=\"flex-basis:50%\">\n<figure class=\"wp-block-image alignright size-full is-style-rounded is-style-rounded--1\"><img loading=\"lazy\" decoding=\"async\" width=\"900\" height=\"608\" src=\"https:\/\/nvosnk.com\/wp-content\/uploads\/2025\/02\/milan2-1.jpg\" alt=\"\" class=\"wp-image-223\"\/><\/figure>\n<\/div>\n<\/div>\n\n\n\n<div style=\"height:0px\" aria-hidden=\"true\" class=\"wp-block-spacer\"><\/div>\n<\/div>\n<\/div>\n\n\n\n<div class=\"wp-block-group alignfull has-base-color has-text-color has-background has-global-padding is-layout-constrained wp-container-core-group-is-layout-8 wp-block-group-is-layout-constrained\" style=\"border-style:none;border-width:0px;border-radius:0px;background-color:#7d02d0;min-height:0px;margin-top:0;margin-bottom:0;padding-top:var(--wp--preset--spacing--10);padding-right:0;padding-bottom:var(--wp--preset--spacing--10);padding-left:0\">\n<div class=\"wp-block-group has-global-padding is-layout-constrained wp-block-group-is-layout-constrained\">\n<p class=\"has-text-align-center has-base-color has-text-color has-heading-font-family has-x-large-font-size\" style=\"line-height:1.2\">Budi u toku sa trenutnim de\u0161avanjima:<\/p>\n\n\n\n<div style=\"height:var(--wp--preset--spacing--10)\" aria-hidden=\"true\" class=\"wp-block-spacer\"><\/div>\n\n\n\n<div class=\"wp-block-columns is-layout-flex wp-container-core-columns-is-layout-4 wp-block-columns-is-layout-flex\">\n<div class=\"wp-block-column is-layout-flow wp-block-column-is-layout-flow\">\n<div class=\"wp-block-buttons is-content-justification-center is-layout-flex wp-container-core-buttons-is-layout-6 wp-block-buttons-is-layout-flex\">\n<div class=\"wp-block-button has-custom-font-size is-style-outline has-xx-large-font-size is-style-outline--2\"><a class=\"wp-block-button__link has-text-color has-background has-link-color wp-element-button\" href=\"https:\/\/www.instagram.com\/nvosnk\" style=\"color:#7d02d0;background-color:#7d02d0\" target=\"_blank\" rel=\"noreferrer noopener\"><img loading=\"lazy\" decoding=\"async\" width=\"150\" height=\"150\" class=\"wp-image-141\" style=\"width: 150px;\" src=\"https:\/\/nvosnk.com\/wp-content\/uploads\/2025\/01\/instagram-white-icon-3.png\" alt=\"\"><\/a><\/div>\n<\/div>\n<\/div>\n\n\n\n<div class=\"wp-block-column is-layout-flow wp-block-column-is-layout-flow\">\n<div class=\"wp-block-buttons is-content-justification-center is-layout-flex wp-container-core-buttons-is-layout-7 wp-block-buttons-is-layout-flex\">\n<div class=\"wp-block-button has-custom-font-size is-style-outline has-xx-large-font-size is-style-outline--3\"><a class=\"wp-block-button__link has-text-color has-background has-link-color wp-element-button\" href=\"https:\/\/www.facebook.com\/nvosnk\/\" style=\"color:#7d02d0;background-color:#7d02d0\" target=\"_blank\" rel=\"noreferrer noopener\"><img loading=\"lazy\" decoding=\"async\" width=\"150\" height=\"150\" class=\"wp-image-142\" style=\"width: 150px;\" src=\"https:\/\/nvosnk.com\/wp-content\/uploads\/2025\/01\/facebook-app-round-white-icon-1.png\" alt=\"\"><\/a><\/div>\n<\/div>\n<\/div>\n\n\n\n<div class=\"wp-block-column is-layout-flow wp-block-column-is-layout-flow\">\n<div class=\"wp-block-buttons is-content-justification-center is-layout-flex wp-container-core-buttons-is-layout-8 wp-block-buttons-is-layout-flex\">\n<div class=\"wp-block-button has-custom-font-size is-style-outline has-xx-large-font-size is-style-outline--4\"><a class=\"wp-block-button__link has-text-color has-background has-link-color wp-element-button\" href=\"https:\/\/www.patreon.com\/NVOSinergijaNovihKrila\" style=\"color:#7d02d0;background-color:#7d02d0\" target=\"_blank\" rel=\"noreferrer noopener\"><img loading=\"lazy\" decoding=\"async\" width=\"150\" height=\"150\" class=\"wp-image-268\" style=\"width: 150px;\" src=\"https:\/\/nvosnk.com\/wp-content\/uploads\/2025\/02\/patreon.png\" alt=\"\"><\/a><\/div>\n<\/div>\n<\/div>\n\n\n\n<div class=\"wp-block-column is-layout-flow wp-block-column-is-layout-flow\">\n<div class=\"wp-block-buttons is-content-justification-center is-layout-flex wp-container-core-buttons-is-layout-9 wp-block-buttons-is-layout-flex\">\n<div class=\"wp-block-button has-custom-font-size is-style-outline has-xx-large-font-size is-style-outline--5\"><a class=\"wp-block-button__link has-text-color has-background has-link-color wp-element-button\" href=\"https:\/\/invite.viber.com\/?g2=AQBPmqJN0tbR%2BFPfX2kJzsE7K0DWwKD%2BRG0ZVUBr2hCRN31FFTolodPKVK8Nilyx&amp;lang=en\" style=\"color:#7d02d0;background-color:#7d02d0\" target=\"_blank\" rel=\"noreferrer noopener\"><img loading=\"lazy\" decoding=\"async\" width=\"150\" height=\"150\" class=\"wp-image-146\" style=\"width: 150px;\" src=\"https:\/\/nvosnk.com\/wp-content\/uploads\/2025\/01\/viber-white-icon.png\" alt=\"viber_group\"><\/a><\/div>\n<\/div>\n<\/div>\n\n\n\n<div class=\"wp-block-column is-layout-flow wp-block-column-is-layout-flow\">\n<div class=\"wp-block-buttons is-content-justification-center is-layout-flex wp-container-core-buttons-is-layout-10 wp-block-buttons-is-layout-flex\">\n<div class=\"wp-block-button has-custom-font-size is-style-outline has-xx-large-font-size is-style-outline--6\"><a class=\"wp-block-button__link has-text-color has-background has-link-color wp-element-button\" href=\"https:\/\/chat.whatsapp.com\/Jgc7hmoMwNQ3yna9sle943\" style=\"color:#7d02d0;background-color:#7d02d0\" target=\"_blank\" rel=\"noreferrer noopener\"><img loading=\"lazy\" decoding=\"async\" width=\"150\" height=\"150\" class=\"wp-image-147\" style=\"width: 150px;\" src=\"https:\/\/nvosnk.com\/wp-content\/uploads\/2025\/01\/whatsapp-white-icon.png\" alt=\"whatsapp_group\"><\/a><\/div>\n<\/div>\n<\/div>\n\n\n\n<div class=\"wp-block-column is-layout-flow wp-block-column-is-layout-flow\">\n<div class=\"wp-block-buttons is-content-justification-center is-layout-flex wp-container-core-buttons-is-layout-11 wp-block-buttons-is-layout-flex\">\n<div class=\"wp-block-button has-custom-font-size is-style-outline has-xx-large-font-size is-style-outline--7\"><a class=\"wp-block-button__link has-text-color has-background has-link-color wp-element-button\" href=\"https:\/\/linktr.ee\/nvosnk\" style=\"color:#7d02d0;background-color:#7d02d0\" target=\"_blank\" rel=\"noreferrer noopener\"><img loading=\"lazy\" decoding=\"async\" width=\"150\" height=\"150\" class=\"wp-image-148\" style=\"width: 150px;\" src=\"https:\/\/nvosnk.com\/wp-content\/uploads\/2025\/01\/linktree-white-icon-2.png\" alt=\"\"><\/a><\/div>\n<\/div>\n<\/div>\n<\/div>\n<\/div>\n<\/div>\n\n\n\n<div class=\"wp-block-group alignfull has-global-padding is-layout-constrained wp-container-core-group-is-layout-10 wp-block-group-is-layout-constrained\" style=\"margin-top:0;margin-bottom:0;padding-top:var(--wp--preset--spacing--50);padding-right:var(--wp--preset--spacing--50);padding-bottom:var(--wp--preset--spacing--50);padding-left:var(--wp--preset--spacing--50)\">\n<h2 class=\"wp-block-heading alignwide has-text-align-center has-x-large-font-size\" style=\"margin-top:0;margin-bottom:var(--wp--preset--spacing--40);line-height:1\">\u010citajte na\u0161 blog<\/h2>\n\n\n\n<div class=\"wp-block-group alignwide has-global-padding is-layout-constrained wp-block-group-is-layout-constrained\">\n<div class=\"wp-block-query alignwide is-layout-flow wp-block-query-is-layout-flow\"><ul class=\"wp-block-post-template is-layout-flow wp-block-post-template-is-layout-flow\"><li class=\"wp-block-post post-568 post type-post status-publish format-standard hentry category-uncategorized\">\n\n<hr class=\"wp-block-separator has-text-color has-contrast-3-color has-alpha-channel-opacity has-contrast-3-background-color has-background alignwide is-style-wide\"\/>\n\n\n\n<div class=\"wp-block-columns alignwide are-vertically-aligned-center is-layout-flex wp-container-core-columns-is-layout-5 wp-block-columns-is-layout-flex\" style=\"margin-top:var(--wp--preset--spacing--20);margin-bottom:var(--wp--preset--spacing--20)\">\n<div class=\"wp-block-column is-vertically-aligned-center is-layout-flow wp-block-column-is-layout-flow\" style=\"flex-basis:72%\"><h2 style=\"font-size:clamp(0.984rem, 0.984rem + ((1vw - 0.2rem) * 0.86), 1.5rem);line-height:1.1;\" class=\"wp-block-post-title\"><a href=\"https:\/\/nvosnk.com\/index.php\/2025\/03\/29\/ljubicasti-dan-podrska-osobama-s-epilepsijom\/\" target=\"_self\" >Ljubi\u010dasti dan \u2013 Podr\u0161ka osobama s epilepsijom<\/a><\/h2><\/div>\n\n\n\n<div class=\"wp-block-column is-vertically-aligned-center is-layout-flow wp-block-column-is-layout-flow\" style=\"flex-basis:28%\"><div class=\"wp-block-template-part\"><\/div><\/div>\n<\/div>\n\n<\/li><\/ul>\n\n\n<div style=\"height:var(--wp--preset--spacing--30)\" aria-hidden=\"true\" class=\"wp-block-spacer\"><\/div>\n\n\n\n\n<\/div>\n<\/div>\n<\/div>\n\n\n\n<p><\/p>\n","protected":false},"excerpt":{"rendered":"<p>Sinergija novih krila\u201d je nevladina organizacija iz Nik\u0161i\u0107a koja se posve\u0107uje podizanju svijesti o epilepsiji i pru\u017eanju podr\u0161ke oboljelima. Kroz edukaciju, humanitarne akcije i aktivizam, organizacija radi na inkluziji ljudi sa epilepsijom i stvaranju zajednice podr\u0161ke i razumijevanja. Na\u0161a misija Misija &#8220;Sinergije novih krila&#8221; Nik\u0161i\u0107 je pru\u017eanje podr\u0161ke osobama s epilepsijom kroz edukaciju, osna\u017eivanje i [&hellip;]<\/p>\n","protected":false},"author":1,"featured_media":0,"parent":0,"menu_order":0,"comment_status":"closed","ping_status":"closed","template":"","meta":{"footnotes":""},"class_list":["post-188","page","type-page","status-publish","hentry"],"_links":{"self":[{"href":"https:\/\/nvosnk.com\/index.php\/wp-json\/wp\/v2\/pages\/188","targetHints":{"allow":["GET"]}}],"collection":[{"href":"https:\/\/nvosnk.com\/index.php\/wp-json\/wp\/v2\/pages"}],"about":[{"href":"https:\/\/nvosnk.com\/index.php\/wp-json\/wp\/v2\/types\/page"}],"author":[{"embeddable":true,"href":"https:\/\/nvosnk.com\/index.php\/wp-json\/wp\/v2\/users\/1"}],"replies":[{"embeddable":true,"href":"https:\/\/nvosnk.com\/index.php\/wp-json\/wp\/v2\/comments?post=188"}],"version-history":[{"count":31,"href":"https:\/\/nvosnk.com\/index.php\/wp-json\/wp\/v2\/pages\/188\/revisions"}],"predecessor-version":[{"id":566,"href":"https:\/\/nvosnk.com\/index.php\/wp-json\/wp\/v2\/pages\/188\/revisions\/566"}],"wp:attachment":[{"href":"https:\/\/nvosnk.com\/index.php\/wp-json\/wp\/v2\/media?parent=188"}],"curies":[{"name":"wp","href":"https:\/\/api.w.org\/{rel}","templated":true}]}}